{"id":32,"date":"2011-07-08T18:29:24","date_gmt":"2011-07-08T16:29:24","guid":{"rendered":"http:\/\/panxhaj-gartenbau.de\/?page_id=32"},"modified":"2012-02-06T20:44:20","modified_gmt":"2012-02-06T18:44:20","slug":"impressionen","status":"publish","type":"page","link":"https:\/\/www.panxhaj-gartenbau.de\/?page_id=32","title":{"rendered":"Impressionen"},"content":{"rendered":"<p>Hier finden Sie ein paar Beispiele unserer Arbeit. Zur vergr\u00f6\u00dferten Ansicht einfach auf das gew\u00fcnschte Bild klicken.<\/p>\n<p><strong>Modernisierung Au\u00dfenbereich der Realschule Neubiberg<\/strong><\/p>\n<div class='polaroid-gallery galleryid-32' style='width:510px;'>\n\t\t\t<a href=\"https:\/\/www.panxhaj-gartenbau.de\/wp-content\/uploads\/2011\/07\/Realschule-0.jpg\" title=\"Modernisierung der Realschule Neubiberg\" rel=\"polaroid_229153861\" class=\"polaroid-gallery-item showcaption\"><span class=\"polaroid-gallery-image\" title=\"\" style=\"background-image: url(https:\/\/www.panxhaj-gartenbau.de\/wp-content\/uploads\/2011\/07\/Realschule-0-150x150.jpg); width: 150px; height: 150px;\"><\/span><\/a>\n\t\t\t<a href=\"https:\/\/www.panxhaj-gartenbau.de\/wp-content\/uploads\/2011\/07\/Realschule-1.jpg\" title=\"Ausgangslage\" rel=\"polaroid_229153861\" class=\"polaroid-gallery-item showcaption\"><span class=\"polaroid-gallery-image\" title=\"\" style=\"background-image: url(https:\/\/www.panxhaj-gartenbau.de\/wp-content\/uploads\/2011\/07\/Realschule-1-150x150.jpg); width: 150px; height: 150px;\"><\/span><\/a>\n\t\t\t<a href=\"https:\/\/www.panxhaj-gartenbau.de\/wp-content\/uploads\/2011\/07\/Realschule-2.jpg\" title=\"Projektbeginn &#8211; Vorbereitung des Bodens\" rel=\"polaroid_229153861\" class=\"polaroid-gallery-item showcaption\"><span class=\"polaroid-gallery-image\" title=\"\" style=\"background-image: url(https:\/\/www.panxhaj-gartenbau.de\/wp-content\/uploads\/2011\/07\/Realschule-2-150x150.jpg); width: 150px; height: 150px;\"><\/span><\/a>\n\t\t\t<br style=\"clear: both;\" \/>\n\t\t\t<a href=\"https:\/\/www.panxhaj-gartenbau.de\/wp-content\/uploads\/2011\/07\/Realschule-3.jpg\" title=\"Kies auslegen\" rel=\"polaroid_229153861\" class=\"polaroid-gallery-item showcaption\"><span class=\"polaroid-gallery-image\" title=\"\" style=\"background-image: url(https:\/\/www.panxhaj-gartenbau.de\/wp-content\/uploads\/2011\/07\/Realschule-3-150x150.jpg); width: 150px; height: 150px;\"><\/span><\/a>\n\t\t\t<a href=\"https:\/\/www.panxhaj-gartenbau.de\/wp-content\/uploads\/2011\/07\/Realschule-4.jpg\" title=\"Beginn mit dem Setzen der Steine\" rel=\"polaroid_229153861\" class=\"polaroid-gallery-item showcaption\"><span class=\"polaroid-gallery-image\" title=\"\" style=\"background-image: url(https:\/\/www.panxhaj-gartenbau.de\/wp-content\/uploads\/2011\/07\/Realschule-4-150x150.jpg); width: 150px; height: 150px;\"><\/span><\/a>\n\t\t\t<a href=\"https:\/\/www.panxhaj-gartenbau.de\/wp-content\/uploads\/2011\/07\/Realschule-5.jpg\" title=\"Resultat &#8211; Perspektive 1 &#8211; Eingangsbereich\" rel=\"polaroid_229153861\" class=\"polaroid-gallery-item showcaption\"><span class=\"polaroid-gallery-image\" title=\"\" style=\"background-image: url(https:\/\/www.panxhaj-gartenbau.de\/wp-content\/uploads\/2011\/07\/Realschule-5-150x150.jpg); width: 150px; height: 150px;\"><\/span><\/a>\n\t\t\t<br style=\"clear: both;\" \/>\n\t\t\t<a href=\"https:\/\/www.panxhaj-gartenbau.de\/wp-content\/uploads\/2011\/07\/Realschule-6.jpg\" title=\"Resultat &#8211; Detail &#8211; Abflussrinne\" rel=\"polaroid_229153861\" class=\"polaroid-gallery-item showcaption\"><span class=\"polaroid-gallery-image\" title=\"\" style=\"background-image: url(https:\/\/www.panxhaj-gartenbau.de\/wp-content\/uploads\/2011\/07\/Realschule-6-150x150.jpg); width: 150px; height: 150px;\"><\/span><\/a>\n\t\t\t<a href=\"https:\/\/www.panxhaj-gartenbau.de\/wp-content\/uploads\/2011\/07\/Realschule-7.jpg\" title=\"Resultat &#8211; Detail &#8211; Treppenabsatz\" rel=\"polaroid_229153861\" class=\"polaroid-gallery-item showcaption\"><span class=\"polaroid-gallery-image\" title=\"\" style=\"background-image: url(https:\/\/www.panxhaj-gartenbau.de\/wp-content\/uploads\/2011\/07\/Realschule-7-150x150.jpg); width: 150px; height: 150px;\"><\/span><\/a>\n\t\t\t<a href=\"https:\/\/www.panxhaj-gartenbau.de\/wp-content\/uploads\/2011\/07\/Realschule-8.jpg\" title=\"Resultat &#8211; Perspektive 2 &#8211; Treppenaufgang Haupteingang\" rel=\"polaroid_229153861\" class=\"polaroid-gallery-item showcaption\"><span class=\"polaroid-gallery-image\" title=\"\" style=\"background-image: url(https:\/\/www.panxhaj-gartenbau.de\/wp-content\/uploads\/2011\/07\/Realschule-8-150x150.jpg); width: 150px; height: 150px;\"><\/span><\/a>\n\t\t\t<br style=\"clear: both;\" \/>\n\t\t\t<a href=\"https:\/\/www.panxhaj-gartenbau.de\/wp-content\/uploads\/2011\/07\/Realschule-9.jpg\" title=\"Resultat &#8211; Detail  &#8211; Eingefasstes Kunstobjekt\" rel=\"polaroid_229153861\" class=\"polaroid-gallery-item showcaption\"><span class=\"polaroid-gallery-image\" title=\"\" style=\"background-image: url(https:\/\/www.panxhaj-gartenbau.de\/wp-content\/uploads\/2011\/07\/Realschule-9-150x150.jpg); width: 150px; height: 150px;\"><\/span><\/a>\n\t\t\t<a href=\"https:\/\/www.panxhaj-gartenbau.de\/wp-content\/uploads\/2011\/07\/Realschule-10.jpg\" title=\"Resultat &#8211; bedeckt mit Sand\" rel=\"polaroid_229153861\" class=\"polaroid-gallery-item showcaption\"><span class=\"polaroid-gallery-image\" title=\"\" style=\"background-image: url(https:\/\/www.panxhaj-gartenbau.de\/wp-content\/uploads\/2011\/07\/Realschule-10-150x150.jpg); width: 150px; height: 150px;\"><\/span><\/a>\n\t\t\t<br style=\"clear: both;\" \/><\/div>\n\n","protected":false},"excerpt":{"rendered":"<p>Hier finden Sie ein paar Beispiele unserer Arbeit. Zur vergr\u00f6\u00dferten Ansicht einfach auf das gew\u00fcnschte Bild klicken. Modernisierung Au\u00dfenbereich der Realschule Neubiberg<\/p>\n","protected":false},"author":1,"featured_media":0,"parent":0,"menu_order":3,"comment_status":"open","ping_status":"open","template":"","meta":[],"_links":{"self":[{"href":"https:\/\/www.panxhaj-gartenbau.de\/index.php?rest_route=\/wp\/v2\/pages\/32"}],"collection":[{"href":"https:\/\/www.panxhaj-gartenbau.de\/index.php?rest_route=\/wp\/v2\/pages"}],"about":[{"href":"https:\/\/www.panxhaj-gartenbau.de\/index.php?rest_route=\/wp\/v2\/types\/page"}],"author":[{"embeddable":true,"href":"https:\/\/www.panxhaj-gartenbau.de\/index.php?rest_route=\/wp\/v2\/users\/1"}],"replies":[{"embeddable":true,"href":"https:\/\/www.panxhaj-gartenbau.de\/index.php?rest_route=%2Fwp%2Fv2%2Fcomments&post=32"}],"version-history":[{"count":13,"href":"https:\/\/www.panxhaj-gartenbau.de\/index.php?rest_route=\/wp\/v2\/pages\/32\/revisions"}],"predecessor-version":[{"id":70,"href":"https:\/\/www.panxhaj-gartenbau.de\/index.php?rest_route=\/wp\/v2\/pages\/32\/revisions\/70"}],"wp:attachment":[{"href":"https:\/\/www.panxhaj-gartenbau.de\/index.php?rest_route=%2Fwp%2Fv2%2Fmedia&parent=32"}],"curies":[{"name":"wp","href":"https:\/\/api.w.org\/{rel}","templated":true}]}}