{"id":12,"date":"2011-07-06T14:20:24","date_gmt":"2011-07-06T14:20:24","guid":{"rendered":"http:\/\/localhost\/wordpress\/?page_id=11"},"modified":"2011-07-09T20:14:38","modified_gmt":"2011-07-09T18:14:38","slug":"unsere-arbeit","status":"publish","type":"page","link":"https:\/\/www.panxhaj-gartenbau.de\/?page_id=12","title":{"rendered":"Leistungen"},"content":{"rendered":"<p>Unser Arbeitsfeld umspannt jegliche T\u00e4tigkeiten eines Landschaftsg\u00e4rtners. Im Mittelpunkt steht der Kunde, also Sie und Ihre Ideen und W\u00fcnsche, nat\u00fcrlich unter Ber\u00fccksichtigung\u00a0 der technischen Ausf\u00fchrbarkeit. Wir beraten Sie Ihnen gerne bei der Auswahl von Materialien und Pflanzen.<\/p>\n<p>Dies macht uns zu Ihrem idealen Ansprechpartner bei der Gestaltung Ihres Hausgartens oder ihrer Freianlage.<\/p>\n<p><strong>Was k\u00f6nnen Sie von uns erwarten?<\/strong><\/p>\n<ul>\n<li>Planung und Konzeption, sowie Umsetzung neuer Gartenanlagen<\/li>\n<li>Umgestaltung bestehender Gartenanlagen<\/li>\n<li>Beratung zur Pflege von G\u00e4rten und beratende Umsetzung<\/li>\n<li>Natursteinarbeiten<\/li>\n<li>Beflasterung (Wege und Treppen)<\/li>\n<li>Anlage von Rasen &amp; Hecken<\/li>\n<li>Zaunbau (Holz &amp; Stahl)<\/li>\n<li>Spezielle Baumf\u00e4llarbeiten<\/li>\n<\/ul>\n<p>Ausz\u00fcge unserer Arbeit k\u00f6nnen Sie unter <a title=\"Impressionen\" href=\"http:\/\/panxhaj-gartenbau.de\/?page_id=32\">Impressionen<\/a> begutachten.<\/p>\n<p><strong>Haben wir Ihr Interesse geweckt? <\/strong><\/p>\n<p>Wir k\u00f6nnen gerne einen Termin ausmachen und das Projekt gemeinsam angehen.<\/p>\n<p>Senden Sie uns eine <a title=\"Kontakt\" href=\"http:\/\/panxhaj-gartenbau.de\/?page_id=35\">Anfrage<\/a>.<\/p>\n","protected":false},"excerpt":{"rendered":"<p>Unser Arbeitsfeld umspannt jegliche T\u00e4tigkeiten eines Landschaftsg\u00e4rtners. Im Mittelpunkt steht der Kunde, also Sie und Ihre Ideen und W\u00fcnsche, nat\u00fcrlich unter Ber\u00fccksichtigung\u00a0 der technischen Ausf\u00fchrbarkeit. Wir beraten Sie Ihnen gerne bei der Auswahl von Materialien und Pflanzen. Dies macht uns zu Ihrem idealen Ansprechpartner bei der Gestaltung Ihres Hausgartens oder ihrer Freianlage. Was k\u00f6nnen Sie [&hellip;]<\/p>\n","protected":false},"author":1,"featured_media":0,"parent":0,"menu_order":2,"comment_status":"open","ping_status":"open","template":"","meta":[],"_links":{"self":[{"href":"https:\/\/www.panxhaj-gartenbau.de\/index.php?rest_route=\/wp\/v2\/pages\/12"}],"collection":[{"href":"https:\/\/www.panxhaj-gartenbau.de\/index.php?rest_route=\/wp\/v2\/pages"}],"about":[{"href":"https:\/\/www.panxhaj-gartenbau.de\/index.php?rest_route=\/wp\/v2\/types\/page"}],"author":[{"embeddable":true,"href":"https:\/\/www.panxhaj-gartenbau.de\/index.php?rest_route=\/wp\/v2\/users\/1"}],"replies":[{"embeddable":true,"href":"https:\/\/www.panxhaj-gartenbau.de\/index.php?rest_route=%2Fwp%2Fv2%2Fcomments&post=12"}],"version-history":[{"count":6,"href":"https:\/\/www.panxhaj-gartenbau.de\/index.php?rest_route=\/wp\/v2\/pages\/12\/revisions"}],"predecessor-version":[{"id":89,"href":"https:\/\/www.panxhaj-gartenbau.de\/index.php?rest_route=\/wp\/v2\/pages\/12\/revisions\/89"}],"wp:attachment":[{"href":"https:\/\/www.panxhaj-gartenbau.de\/index.php?rest_route=%2Fwp%2Fv2%2Fmedia&parent=12"}],"curies":[{"name":"wp","href":"https:\/\/api.w.org\/{rel}","templated":true}]}}